{"id":2284,"date":"2023-01-01T21:35:24","date_gmt":"2023-01-01T20:35:24","guid":{"rendered":"https:\/\/podpiram.uris.app\/?page_id=2284"},"modified":"2023-01-19T19:46:45","modified_gmt":"2023-01-19T18:46:45","slug":"namen-in-motivacija","status":"publish","type":"page","link":"https:\/\/podpiram.uris.app\/index.php\/namen-in-motivacija\/","title":{"rendered":"Namen in motivacija"},"content":{"rendered":"<h2 class=\"wp-block-heading\">Namen<\/h2><p>Spletni komunikator UriS je orodje za pomo\u010d pri komunikaciji govorno oviranih oseb. V razvoj komunikatorja UriS so vlo\u017eene ne\u0161tete ure dela. V kolikor lahko kakorkoli prispevate, vam bomo hvale\u017eni. Z donacijami pripomorete zagotoviti obstoj komunikatorja UriS. Uporabni\u0161ke povratne informacije so klju\u010dnega pomena, da se UriS lahko razvije in slu\u017ei svojemu namenu.<\/p><p class=\"has-black-color has-text-color has-background has-small-font-size\" style=\"background:linear-gradient(90deg,rgba(244,252,0,0.68) 0%,rgb(247,232,5) 100%)\"><a href=\"https:\/\/podpiram.uris.app\/index.php\/kategorija-izdelka\/donacije\/\" target=\"_blank\" rel=\"noreferrer noopener\">Donacije se sprejemajo na tej povezavi ali na kategoriji &#8220;DONACIJE&#8221;.<\/a><br><a href=\"https:\/\/podpiram.uris.app\/index.php\/kategorija-izdelka\/donacije\/\" target=\"_blank\" rel=\"noreferrer noopener\"> \ud83d\udc99\u2764\ud83d\udc9a HVALA, ker vam je mar \ud83d\udc99\u2764\ud83d\udc9a<\/a><\/p><p>Ekipa:<br>Ga\u0161per Sre\u010dnik &#8211; Vizija in razvoj<br>Jurij Sre\u010dnik &#8211; Motivator \/Testiranje<br>Peter Kuralt &#8211; Svetovalec \/Uporabni\u0161ka izku\u0161nja<br>Marko Lampret &#8211; Svetovalec \/Arhitektura spletne strani<br>Ronald Horvat &#8211; Svetovalec \/Oblikovanje<br>Jernej Sveti\u010d &#8211; Svetovanje \/Finance<\/p><h2 class=\"wp-block-heading\">Motivacija (planeti, vibracije, mutacije, akcije in reakcije)<\/h2><p><\/p><figure class=\"wp-block-image size-large is-resized\"><img loading=\"lazy\" decoding=\"async\" src=\"https:\/\/podpiram.uris.app\/wp-content\/uploads\/2023\/01\/IMG_20210416_163509-766x1024.jpg\" alt=\"\" class=\"wp-image-2301\" width=\"192\" height=\"256\" srcset=\"https:\/\/podpiram.uris.app\/wp-content\/uploads\/2023\/01\/IMG_20210416_163509-766x1024.jpg 766w, https:\/\/podpiram.uris.app\/wp-content\/uploads\/2023\/01\/IMG_20210416_163509-225x300.jpg 225w, https:\/\/podpiram.uris.app\/wp-content\/uploads\/2023\/01\/IMG_20210416_163509-768x1026.jpg 768w, https:\/\/podpiram.uris.app\/wp-content\/uploads\/2023\/01\/IMG_20210416_163509-1150x1536.jpg 1150w, https:\/\/podpiram.uris.app\/wp-content\/uploads\/2023\/01\/IMG_20210416_163509-1533x2048.jpg 1533w, https:\/\/podpiram.uris.app\/wp-content\/uploads\/2023\/01\/IMG_20210416_163509-330x441.jpg 330w, https:\/\/podpiram.uris.app\/wp-content\/uploads\/2023\/01\/IMG_20210416_163509-680x909.jpg 680w, https:\/\/podpiram.uris.app\/wp-content\/uploads\/2023\/01\/IMG_20210416_163509-scaled.jpg 1916w\" sizes=\"auto, (max-width: 192px) 100vw, 192px\" \/><\/figure><p><br>Ojla!<br>Tole sva midva.<br>Ravno na terapiji. Glasbeni terapiji!<br>Elvis Jackson, Metallica, Svetlanin Kakadu, \u2026 pa Avseniki od prilike raztegnejo meh in pri\u017egejo bariton \u2026<br>\u0160iriva obzorja.<br>V avtu. Brez strehe. Nad glavo samo jasno nebo! Na avtovlaku \u010de sem \u010disto natan\u010den \u2026<\/p><p>Ampak za\u010dnimo malo pred tem.<\/p><p>Vse se je za\u010delo ko so se planeti poravnali in se nama je rodil Jurij. Te\u017eek porod je bil. Ati je zlezel skup&#8217;, mami je mogla v operacijsko dvorano.<br><\/p><figure class=\"wp-block-image size-large is-resized\"><img loading=\"lazy\" decoding=\"async\" src=\"https:\/\/podpiram.uris.app\/wp-content\/uploads\/2023\/01\/20160406_075301-768x1024.jpg\" alt=\"\" class=\"wp-image-2292\" width=\"192\" height=\"256\" srcset=\"https:\/\/podpiram.uris.app\/wp-content\/uploads\/2023\/01\/20160406_075301-768x1024.jpg 768w, https:\/\/podpiram.uris.app\/wp-content\/uploads\/2023\/01\/20160406_075301-225x300.jpg 225w, https:\/\/podpiram.uris.app\/wp-content\/uploads\/2023\/01\/20160406_075301-1152x1536.jpg 1152w, https:\/\/podpiram.uris.app\/wp-content\/uploads\/2023\/01\/20160406_075301-1536x2048.jpg 1536w, https:\/\/podpiram.uris.app\/wp-content\/uploads\/2023\/01\/20160406_075301-330x440.jpg 330w, https:\/\/podpiram.uris.app\/wp-content\/uploads\/2023\/01\/20160406_075301-680x907.jpg 680w, https:\/\/podpiram.uris.app\/wp-content\/uploads\/2023\/01\/20160406_075301-scaled.jpg 1920w\" sizes=\"auto, (max-width: 192px) 100vw, 192px\" \/><\/figure><p><br>Od vsega za\u010detka je Nina govorila, da s fantkom nekaj ni v redu. Po\u010dasen je bil. \u010cisto izven normativov. Poseben je pa\u010d sem si rekel in imel \u017eeno \u017ee skoraj za noro.<br>Pri\u010dela se je odisejada od enega specialista do drugega, razvojna ambulanta in nazadnje geneti\u010darka, ki mu je teden dni pred njegovim tretjim letom postavila diagnozo. Lamb Shaffer sindrom ali SOX5 patija.<br>Po eni strani \u0161ok, po drugi strani \u010duden ob\u010dutek olaj\u0161anja, ko \u010dlovek vsaj ve pri \u010dem je.<br>Nini se \u0161e vedno opravi\u010dujem in od tega trenutka razumem in ob\u010dudujem intuicijo, ki jo lahko razvije le mama.<br>V sklopu LSS prihaja pri otrocih do najrazli\u010dnej\u0161ih hudih zdravstvenih te\u017eav in sindrom je bil logi\u010den razlog oz. odgovor na Jurijevo stanje.<\/p><p>Njegovi vrstniki so \u017ee hodili, Jurij je bil pri dveh letih \u0161e v vozi\u010dku &#8230;&nbsp;<br>Takrat enkrat smo ponovno pri\u0161li na URI So\u010da (Otro\u0161ki oddelek). Najprej zaradi velikih te\u017eav v grobi motoriki, kasneje zaradi odsotnosti govora.<br>Ko&nbsp;\u010dlovek vidi te otroke na URI So\u010da se mu naje\u017ei dlaka in o\u010di se mu zasolzijo.<br>Brezkompromisne mame, ki se&nbsp;kljub te\u017ekim prognozam ne vdajajo v usodo. Poklon.<br>Vsi zaposleni, ki delajo s temi otroci.<br>Poklon!<br>Kot ena velika dru\u017eina. To kar smo &#8221;normalni&#8221; pozabili. Skupnost.<\/p><p>Jurij je kasneje le za\u010del s stopicljanjem. Pomagal si je z (DIY; do-it-yourself) opornim vozi\u010dkom, ki mu ga je sestavil stari iz kosov ene super igra\u010de, ki jo je podprl na neki platformi za zagonska podjetja. Nogice so bile vse krive in na URI So\u010da so nam predpisali opornice in posebne \u010devlje. Kot Bambi je bil.<\/p><figure class=\"wp-block-image size-large is-resized\"><img decoding=\"async\" src=\"https:\/\/podpiram.uris.app\/wp-content\/uploads\/2023\/01\/IMG_20171113_175837-edited-1-scaled.jpg\" alt=\"\" class=\"wp-image-2297\" width=\"256\" srcset=\"https:\/\/podpiram.uris.app\/wp-content\/uploads\/2023\/01\/IMG_20171113_175837-edited-1-scaled.jpg 2560w, https:\/\/podpiram.uris.app\/wp-content\/uploads\/2023\/01\/IMG_20171113_175837-edited-1-300x300.jpg 300w, https:\/\/podpiram.uris.app\/wp-content\/uploads\/2023\/01\/IMG_20171113_175837-edited-1-1024x1024.jpg 1024w, https:\/\/podpiram.uris.app\/wp-content\/uploads\/2023\/01\/IMG_20171113_175837-edited-1-150x150.jpg 150w, https:\/\/podpiram.uris.app\/wp-content\/uploads\/2023\/01\/IMG_20171113_175837-edited-1-768x768.jpg 768w, https:\/\/podpiram.uris.app\/wp-content\/uploads\/2023\/01\/IMG_20171113_175837-edited-1-1536x1536.jpg 1536w, https:\/\/podpiram.uris.app\/wp-content\/uploads\/2023\/01\/IMG_20171113_175837-edited-1-2048x2048.jpg 2048w, https:\/\/podpiram.uris.app\/wp-content\/uploads\/2023\/01\/IMG_20171113_175837-edited-1-330x330.jpg 330w, https:\/\/podpiram.uris.app\/wp-content\/uploads\/2023\/01\/IMG_20171113_175837-edited-1-680x680.jpg 680w, https:\/\/podpiram.uris.app\/wp-content\/uploads\/2023\/01\/IMG_20171113_175837-edited-1-100x100.jpg 100w\" sizes=\"(max-width: 2560px) 100vw, 2560px\" \/><\/figure><p><br>Takrat sva pri\u010dela z aktivnostmi.<br>Po\u010dasi in vztrajno.<br>Vsak dan.<br>Pri\u010dela sva plavati, pogosto tudi dvakrat dnevno. Skupaj s super razumevajo\u010do starej\u0161o sestro Ivano, ki ga je vedno bodrila in mu (verjamem da) dajala dodatno motivacijo.<\/p><div class=\"wp-block-jetpack-tiled-gallery aligncenter is-style-square\"><div class=\"tiled-gallery__gallery\"><div class=\"tiled-gallery__row columns-2\"><div class=\"tiled-gallery__col\"><figure class=\"tiled-gallery__item\"><img decoding=\"async\" srcset=\"https:\/\/i1.wp.com\/podpiram.uris.app\/wp-content\/uploads\/2023\/01\/SAVE_20210413_222131-1024x768.jpg?resize=600%2C600&#038;strip=info&#038;ssl=1 600w,https:\/\/i1.wp.com\/podpiram.uris.app\/wp-content\/uploads\/2023\/01\/SAVE_20210413_222131-1024x768.jpg?resize=900%2C900&#038;strip=info&#038;ssl=1 900w,https:\/\/i1.wp.com\/podpiram.uris.app\/wp-content\/uploads\/2023\/01\/SAVE_20210413_222131-1024x768.jpg?resize=1200%2C1200&#038;strip=info&#038;ssl=1 1200w,https:\/\/i1.wp.com\/podpiram.uris.app\/wp-content\/uploads\/2023\/01\/SAVE_20210413_222131-1024x768.jpg?resize=1500%2C1500&#038;strip=info&#038;ssl=1 1500w,https:\/\/i1.wp.com\/podpiram.uris.app\/wp-content\/uploads\/2023\/01\/SAVE_20210413_222131-1024x768.jpg?resize=1800%2C1800&#038;strip=info&#038;ssl=1 1800w,https:\/\/i1.wp.com\/podpiram.uris.app\/wp-content\/uploads\/2023\/01\/SAVE_20210413_222131-1024x768.jpg?resize=1920%2C1920&#038;strip=info&#038;ssl=1 1920w\" alt=\"\" data-height=\"1920\" data-id=\"2304\" data-link=\"https:\/\/podpiram.uris.app\/index.php\/motivacija\/save_20210413_222131\/\" data-url=\"https:\/\/podpiram.uris.app\/wp-content\/uploads\/2023\/01\/SAVE_20210413_222131-1024x768.jpg\" data-width=\"2560\" src=\"https:\/\/i1.wp.com\/podpiram.uris.app\/wp-content\/uploads\/2023\/01\/SAVE_20210413_222131-1024x768.jpg?ssl=1&amp;resize=1920%2C1920\" data-amp-layout=\"responsive\"\/><\/figure><\/div><div class=\"tiled-gallery__col\"><figure class=\"tiled-gallery__item\"><img decoding=\"async\" srcset=\"https:\/\/i1.wp.com\/podpiram.uris.app\/wp-content\/uploads\/2023\/01\/G0022349-1024x768.jpg?resize=600%2C600&#038;strip=info&#038;ssl=1 600w,https:\/\/i1.wp.com\/podpiram.uris.app\/wp-content\/uploads\/2023\/01\/G0022349-1024x768.jpg?resize=900%2C900&#038;strip=info&#038;ssl=1 900w,https:\/\/i1.wp.com\/podpiram.uris.app\/wp-content\/uploads\/2023\/01\/G0022349-1024x768.jpg?resize=1200%2C1200&#038;strip=info&#038;ssl=1 1200w,https:\/\/i1.wp.com\/podpiram.uris.app\/wp-content\/uploads\/2023\/01\/G0022349-1024x768.jpg?resize=1500%2C1500&#038;strip=info&#038;ssl=1 1500w,https:\/\/i1.wp.com\/podpiram.uris.app\/wp-content\/uploads\/2023\/01\/G0022349-1024x768.jpg?resize=1800%2C1800&#038;strip=info&#038;ssl=1 1800w,https:\/\/i1.wp.com\/podpiram.uris.app\/wp-content\/uploads\/2023\/01\/G0022349-1024x768.jpg?resize=1920%2C1920&#038;strip=info&#038;ssl=1 1920w\" alt=\"\" data-height=\"1920\" data-id=\"2305\" data-link=\"https:\/\/podpiram.uris.app\/index.php\/motivacija\/dcim100goprog0022349-jpg\/\" data-url=\"https:\/\/podpiram.uris.app\/wp-content\/uploads\/2023\/01\/G0022349-1024x768.jpg\" data-width=\"2560\" src=\"https:\/\/i1.wp.com\/podpiram.uris.app\/wp-content\/uploads\/2023\/01\/G0022349-1024x768.jpg?ssl=1&amp;resize=1920%2C1920\" data-amp-layout=\"responsive\"\/><\/figure><\/div><\/div><\/div><\/div><p>Pri\u010dela sva s poganjalcem. S trampolinom. S plezanjem. Moja biologinja Nina pa z naravo jasno. V vsakem vremenu. Po mo\u017enosti s \u010dim ve\u010d blata. Neverjetno je, kako otroci u\u017eivajo ob tovrstni senzorni integraciji. Doma je pametno imeti pripravljeno cev s curkom vode. Zamenjati smo morali pralni stroj, pobeliti bo potrebno kak\u0161no steno, ampak je bilo vredno.<br>Gibalno je za\u010del napredovati.<\/p><p>V okviru logopedske obravnave smo se na URI So\u010da prvi\u010d sre\u010dali z nadomestno komunikacijo (AAC) in tako je (po vzoru prej omenjenega opornega vozi\u010dka) za\u010dela zoreti ideja o (DIY) spletnem komunikatorju. Poklicno sem se namre\u010d veliko preukvarjal s koncepti spletnega nastopa in uporabni\u0161kih izku\u0161enj in ideja se mi je zdela izvedljiva.<\/p><div class=\"wp-block-jetpack-tiled-gallery is-style-square\"><div class=\"tiled-gallery__gallery\"><div class=\"tiled-gallery__row columns-3\"><div class=\"tiled-gallery__col\"><figure class=\"tiled-gallery__item\"><img decoding=\"async\" srcset=\"https:\/\/i2.wp.com\/podpiram.uris.app\/wp-content\/uploads\/2023\/01\/IMG_20221120_211206-1024x769.jpg?resize=600%2C600&#038;strip=info&#038;ssl=1 600w,https:\/\/i2.wp.com\/podpiram.uris.app\/wp-content\/uploads\/2023\/01\/IMG_20221120_211206-1024x769.jpg?resize=900%2C900&#038;strip=info&#038;ssl=1 900w,https:\/\/i2.wp.com\/podpiram.uris.app\/wp-content\/uploads\/2023\/01\/IMG_20221120_211206-1024x769.jpg?resize=1200%2C1200&#038;strip=info&#038;ssl=1 1200w,https:\/\/i2.wp.com\/podpiram.uris.app\/wp-content\/uploads\/2023\/01\/IMG_20221120_211206-1024x769.jpg?resize=1500%2C1500&#038;strip=info&#038;ssl=1 1500w,https:\/\/i2.wp.com\/podpiram.uris.app\/wp-content\/uploads\/2023\/01\/IMG_20221120_211206-1024x769.jpg?resize=1800%2C1800&#038;strip=info&#038;ssl=1 1800w,https:\/\/i2.wp.com\/podpiram.uris.app\/wp-content\/uploads\/2023\/01\/IMG_20221120_211206-1024x769.jpg?resize=1922%2C1922&#038;strip=info&#038;ssl=1 1922w\" alt=\"\" data-height=\"1922\" data-id=\"2306\" data-link=\"https:\/\/podpiram.uris.app\/index.php\/motivacija\/img_20221120_211206\/\" data-url=\"https:\/\/podpiram.uris.app\/wp-content\/uploads\/2023\/01\/IMG_20221120_211206-1024x769.jpg\" data-width=\"2560\" src=\"https:\/\/i2.wp.com\/podpiram.uris.app\/wp-content\/uploads\/2023\/01\/IMG_20221120_211206-1024x769.jpg?ssl=1&amp;resize=1922%2C1922\" data-amp-layout=\"responsive\"\/><\/figure><\/div><div class=\"tiled-gallery__col\"><figure class=\"tiled-gallery__item\"><img decoding=\"async\" srcset=\"https:\/\/i0.wp.com\/podpiram.uris.app\/wp-content\/uploads\/2023\/01\/IMG_20200312_195347-1024x768.jpg?resize=600%2C600&#038;strip=info&#038;ssl=1 600w,https:\/\/i0.wp.com\/podpiram.uris.app\/wp-content\/uploads\/2023\/01\/IMG_20200312_195347-1024x768.jpg?resize=900%2C900&#038;strip=info&#038;ssl=1 900w,https:\/\/i0.wp.com\/podpiram.uris.app\/wp-content\/uploads\/2023\/01\/IMG_20200312_195347-1024x768.jpg?resize=1200%2C1200&#038;strip=info&#038;ssl=1 1200w,https:\/\/i0.wp.com\/podpiram.uris.app\/wp-content\/uploads\/2023\/01\/IMG_20200312_195347-1024x768.jpg?resize=1500%2C1500&#038;strip=info&#038;ssl=1 1500w,https:\/\/i0.wp.com\/podpiram.uris.app\/wp-content\/uploads\/2023\/01\/IMG_20200312_195347-1024x768.jpg?resize=1800%2C1800&#038;strip=info&#038;ssl=1 1800w,https:\/\/i0.wp.com\/podpiram.uris.app\/wp-content\/uploads\/2023\/01\/IMG_20200312_195347-1024x768.jpg?resize=1920%2C1920&#038;strip=info&#038;ssl=1 1920w\" alt=\"\" data-height=\"1920\" data-id=\"2307\" data-link=\"https:\/\/podpiram.uris.app\/index.php\/motivacija\/img_20200312_195347\/\" data-url=\"https:\/\/podpiram.uris.app\/wp-content\/uploads\/2023\/01\/IMG_20200312_195347-1024x768.jpg\" data-width=\"2560\" src=\"https:\/\/i0.wp.com\/podpiram.uris.app\/wp-content\/uploads\/2023\/01\/IMG_20200312_195347-1024x768.jpg?ssl=1&amp;resize=1920%2C1920\" data-amp-layout=\"responsive\"\/><\/figure><\/div><div class=\"tiled-gallery__col\"><figure class=\"tiled-gallery__item\"><img decoding=\"async\" srcset=\"https:\/\/i0.wp.com\/podpiram.uris.app\/wp-content\/uploads\/2023\/01\/IMG_20200312_224036-1024x768.jpg?resize=600%2C600&#038;strip=info&#038;ssl=1 600w,https:\/\/i0.wp.com\/podpiram.uris.app\/wp-content\/uploads\/2023\/01\/IMG_20200312_224036-1024x768.jpg?resize=900%2C900&#038;strip=info&#038;ssl=1 900w,https:\/\/i0.wp.com\/podpiram.uris.app\/wp-content\/uploads\/2023\/01\/IMG_20200312_224036-1024x768.jpg?resize=1200%2C1200&#038;strip=info&#038;ssl=1 1200w,https:\/\/i0.wp.com\/podpiram.uris.app\/wp-content\/uploads\/2023\/01\/IMG_20200312_224036-1024x768.jpg?resize=1500%2C1500&#038;strip=info&#038;ssl=1 1500w,https:\/\/i0.wp.com\/podpiram.uris.app\/wp-content\/uploads\/2023\/01\/IMG_20200312_224036-1024x768.jpg?resize=1800%2C1800&#038;strip=info&#038;ssl=1 1800w,https:\/\/i0.wp.com\/podpiram.uris.app\/wp-content\/uploads\/2023\/01\/IMG_20200312_224036-1024x768.jpg?resize=1920%2C1920&#038;strip=info&#038;ssl=1 1920w\" alt=\"\" data-height=\"1920\" data-id=\"2308\" data-link=\"https:\/\/podpiram.uris.app\/index.php\/motivacija\/img_20200312_224036\/\" data-url=\"https:\/\/podpiram.uris.app\/wp-content\/uploads\/2023\/01\/IMG_20200312_224036-1024x768.jpg\" data-width=\"2560\" src=\"https:\/\/i0.wp.com\/podpiram.uris.app\/wp-content\/uploads\/2023\/01\/IMG_20200312_224036-1024x768.jpg?ssl=1&amp;resize=1920%2C1920\" data-amp-layout=\"responsive\"\/><\/figure><\/div><\/div><\/div><\/div><p>Ouji (Jurij) je kot 6-letnik postal \u0161olar, zaradi svoje govorne oviranosti pa obiskuje \u0161olo s prilagojenim programom, kjer se po\u010duti super. Tudi govor je prisoten v vedno ve\u010dji meri in \u017ee nekaj \u010dasa verjamem da bo uspel. Bo! Vem da bo!!<\/p><p>Kot dru\u017eina smo neizmerno hvale\u017eni vsem zdravstvenim, pedago\u0161kim, socialnim in ostalim delavcem, slu\u017ebam in ustanovam.<br>V sistemu se vedno najde nekdo, ki mu je delo s tak\u0161no populacijo otrok ve\u010d kot samo slu\u017eba. Vedno se najde nekdo, ki v tem sistemu pu\u0161\u010da svojo du\u0161o in srce, ki razume stiske dru\u017ein otrok z druga\u010dnimi sposobnostmi in mu tako ne predstavlja\u0161 \u0161e ene ovire ampak samo \u0161e en izziv. Hvala vam!<\/p><div class=\"wp-block-image\"><figure class=\"aligncenter size-large is-resized\"><img loading=\"lazy\" decoding=\"async\" src=\"https:\/\/podpiram.uris.app\/wp-content\/uploads\/2023\/01\/IMG_20210406_162101-1024x766.jpg\" alt=\"\" class=\"wp-image-2325\" width=\"512\" height=\"383\" srcset=\"https:\/\/podpiram.uris.app\/wp-content\/uploads\/2023\/01\/IMG_20210406_162101-1024x766.jpg 1024w, https:\/\/podpiram.uris.app\/wp-content\/uploads\/2023\/01\/IMG_20210406_162101-300x224.jpg 300w, https:\/\/podpiram.uris.app\/wp-content\/uploads\/2023\/01\/IMG_20210406_162101-768x574.jpg 768w, https:\/\/podpiram.uris.app\/wp-content\/uploads\/2023\/01\/IMG_20210406_162101-1536x1149.jpg 1536w, https:\/\/podpiram.uris.app\/wp-content\/uploads\/2023\/01\/IMG_20210406_162101-2048x1532.jpg 2048w, https:\/\/podpiram.uris.app\/wp-content\/uploads\/2023\/01\/IMG_20210406_162101-330x247.jpg 330w, https:\/\/podpiram.uris.app\/wp-content\/uploads\/2023\/01\/IMG_20210406_162101-680x509.jpg 680w\" sizes=\"auto, (max-width: 512px) 100vw, 512px\" \/><\/figure><\/div><p><br>Par let kasneje se tako s solzami v o\u010deh spominjam vseh teh dogodkov, podo\u017eivljam na\u0161o zgodbo in jo delim, da vas obvestim, da je ideja za\u017eivela. UriS je tukaj. Na voljo vsem otrokom in odraslim z druga\u010dnimi sposobnostmi.<\/p><p>S hvale\u017enostjo in spo\u0161tovanjem, akcija!<br>Ga\u0161per in ekipa<br><em>(Golnik, 1. januar 2023)<\/em><\/p>","protected":false},"excerpt":{"rendered":"<p>Namen Spletni komunikator UriS je orodje za pomo\u010d pri komunikaciji govorno oviranih oseb. V razvoj komunikatorja UriS so vlo\u017eene ne\u0161tete ure dela. V kolikor lahko kakorkoli prispevate, vam bomo hvale\u017eni. Z donacijami pripomorete zagotoviti obstoj komunikatorja UriS. Uporabni\u0161ke povratne informacije so klju\u010dnega pomena, da se UriS lahko razvije in slu\u017ei svojemu namenu. Donacije se sprejemajo na tej povezavi ali na kategoriji &#8220;DONACIJE&#8221;. \ud83d\udc99\u2764\ud83d\udc9a HVALA, ker vam je mar \ud83d\udc99\u2764\ud83d\udc9a Ekipa:Ga\u0161per Sre\u010dnik &#8211; Vizija in razvojJurij&hellip;<\/p>\n","protected":false},"author":1,"featured_media":0,"parent":0,"menu_order":0,"comment_status":"closed","ping_status":"closed","template":"","meta":{"footnotes":""},"class_list":["post-2284","page","type-page","status-publish","hentry"],"acf":[],"jetpack_sharing_enabled":true,"_links":{"self":[{"href":"https:\/\/podpiram.uris.app\/index.php\/wp-json\/wp\/v2\/pages\/2284","targetHints":{"allow":["GET"]}}],"collection":[{"href":"https:\/\/podpiram.uris.app\/index.php\/wp-json\/wp\/v2\/pages"}],"about":[{"href":"https:\/\/podpiram.uris.app\/index.php\/wp-json\/wp\/v2\/types\/page"}],"author":[{"embeddable":true,"href":"https:\/\/podpiram.uris.app\/index.php\/wp-json\/wp\/v2\/users\/1"}],"replies":[{"embeddable":true,"href":"https:\/\/podpiram.uris.app\/index.php\/wp-json\/wp\/v2\/comments?post=2284"}],"version-history":[{"count":49,"href":"https:\/\/podpiram.uris.app\/index.php\/wp-json\/wp\/v2\/pages\/2284\/revisions"}],"predecessor-version":[{"id":3405,"href":"https:\/\/podpiram.uris.app\/index.php\/wp-json\/wp\/v2\/pages\/2284\/revisions\/3405"}],"wp:attachment":[{"href":"https:\/\/podpiram.uris.app\/index.php\/wp-json\/wp\/v2\/media?parent=2284"}],"curies":[{"name":"wp","href":"https:\/\/api.w.org\/{rel}","templated":true}]}}